{"id":233410,"date":"2022-08-18T10:56:07","date_gmt":"2022-08-18T15:56:07","guid":{"rendered":"https:\/\/www.pafensol.com\/web\/?post_type=product&#038;p=233410"},"modified":"2022-12-07T09:43:41","modified_gmt":"2022-12-07T14:43:41","slug":"muneco-de-trapo-fredy-mercury-25-cms-de-alto","status":"publish","type":"product","link":"https:\/\/www.pafensol.com\/web\/producto\/muneco-de-trapo-fredy-mercury-25-cms-de-alto\/","title":{"rendered":"Mu\u00f1eco de trapo Fredy Mercury &#8211; 25 CMS de alto"},"content":{"rendered":"<p>Su cuerpo est\u00e1 elaborado con tela piel de angel y alambre en el interior.<br \/>\nSu carita est\u00e1 hecha con lycra ,y todo su relleno es de algod\u00f3n sint\u00e9tico , cabello y bigote en fibra sint\u00e9tica ,sus ojitos son de acr\u00edlico ,y el resto de su cara es bordada a mano ,su pantal\u00f3n esta hecho en algod\u00f3n con dos detalles de cinta amarilla y roja a los lados de cada piernita , sus zapatos est\u00e1n elaborados en pa\u00f1o lency imitando los Adidas que Fredy siempre usaba en sus conciertos y su famosa chaqueta amarilla esta fabricada en seda con fabulosas aplicaciones de broches que le dan un toque real a esta maravillosa figura ,esta es una pieza artesanal fabricada a mano y pensada en aquellos amantes del rock , para no olvidar la vieja guardia y las voces que nos hicieron y a\u00fan nos hacen vibrar . Excelente para adornar espacios ,como oficinas ,habitaciones ,repisas o para darle un toque excepcional lugares p\u00fablicos &#8230; Si eres un amante del rock , no dudes en adquirir esta maravillosa pieza hecha por las manos de una artista que quiere llevar lo convencional de las mu\u00f1ecas de trapo a otro nivel .<\/p>\n","protected":false},"excerpt":{"rendered":"<p>Su cuerpo est\u00e1 elaborado con tela piel de angel y alambre en el interior. Su carita est\u00e1 hecha con lycra ,y todo su relleno es de algod\u00f3n sint\u00e9tico , cabello y bigote en fibra sint\u00e9tica ,sus ojitos son de acr\u00edlico ,y el resto de su cara es bordada a mano ,su pantal\u00f3n esta hecho en [&hellip;]<\/p>\n","protected":false},"featured_media":233411,"template":"","meta":{"_et_pb_use_builder":"","_et_pb_old_content":"","_et_gb_content_width":"","_joinchat":[]},"product_cat":[17],"product_tag":[],"_links":{"self":[{"href":"https:\/\/www.pafensol.com\/web\/wp-json\/wp\/v2\/product\/233410"}],"collection":[{"href":"https:\/\/www.pafensol.com\/web\/wp-json\/wp\/v2\/product"}],"about":[{"href":"https:\/\/www.pafensol.com\/web\/wp-json\/wp\/v2\/types\/product"}],"wp:featuredmedia":[{"embeddable":true,"href":"https:\/\/www.pafensol.com\/web\/wp-json\/wp\/v2\/media\/233411"}],"wp:attachment":[{"href":"https:\/\/www.pafensol.com\/web\/wp-json\/wp\/v2\/media?parent=233410"}],"wp:term":[{"taxonomy":"product_cat","embeddable":true,"href":"https:\/\/www.pafensol.com\/web\/wp-json\/wp\/v2\/product_cat?post=233410"},{"taxonomy":"product_tag","embeddable":true,"href":"https:\/\/www.pafensol.com\/web\/wp-json\/wp\/v2\/product_tag?post=233410"}],"curies":[{"name":"wp","href":"https:\/\/api.w.org\/{rel}","templated":true}]}}