{"id":233455,"date":"2022-12-31T21:14:20","date_gmt":"2023-01-01T02:14:20","guid":{"rendered":"https:\/\/www.pafensol.com\/web\/?post_type=product&#038;p=233455"},"modified":"2023-01-02T23:16:27","modified_gmt":"2023-01-03T04:16:27","slug":"microsoft-365-empresa-estandar-business-standard-1-ano","status":"publish","type":"product","link":"https:\/\/www.pafensol.com\/web\/producto\/microsoft-365-empresa-estandar-business-standard-1-ano\/","title":{"rendered":"Microsoft 365 Empresa Est\u00e1ndar &#8211; (Business Standard) (1 A\u00f1o)"},"content":{"rendered":"<p><strong>Servicios incluidos<\/strong><br \/>\nOutlook, OneDrive, Word, Excel, PowerPoint, SharePoint, Microsoft Teams, Exchange, Publisher (solo PC), Access (solo PC)<\/p>\n<p><strong>Desarrolla tu peque\u00f1a y mediana empresa<\/strong><br \/>\nCompleta tareas y aumenta la eficiencia con Microsoft 365. Colabora en tiempo real con herramientas para trabajo en equipo que siempre est\u00e1n actualizadas. Adem\u00e1s, disfruta de correo profesional y almacenamiento online, todo ello con seguridad integrada para ayudar a proteger tus datos.<\/p>\n<p><strong>Caracter\u00edsticas:<\/strong><\/p>\n<p><strong>Aplicaciones de Office<\/strong><br \/>\nObt\u00e9n actualizaciones mensuales y las caracter\u00edsticas y capacidades m\u00e1s recientes con versiones completamente instaladas y siempre actualizadas de Outlook, Word, Excel, PowerPoint y OneNote (con diferentes caracter\u00edsticas) para Windows o Mac, as\u00ed como Access y Publisher (solo para PC).<\/p>\n<p><strong>1 TB de almacenamiento seguro en la nube por usuario<\/strong><br \/>\nEdita y comparte documentos, fotos y mucho m\u00e1s desde cualquier lugar y en todos tus dispositivos con 1 TB de almacenamiento en la nube de OneDrive.<\/p>\n<p><strong>Intranet y sitios de grupo<\/strong><br \/>\nInforma y motiva a tu organizaci\u00f3n, y conecta personas al contenido, los conocimientos y los procesos con sitios de grupo en SharePoint. Transmite tu mensaje con sitios atractivos y f\u00e1ciles de usar.<\/p>\n<p><strong>Correo y calendarios<\/strong><br \/>\nObt\u00e9n correo de clase empresarial con Outlook, que incluye un buz\u00f3n de 50 GB por usuario, y env\u00eda adjuntos de hasta 150 MB.<\/p>\n<p><strong>Narraciones digitales de calidad profesional<\/strong><br \/>\nCrea f\u00e1cilmente informes, presentaciones, boletines y capacitaciones atractivos, interactivos y basados en la web con Sway.<\/p>\n<p><strong>Detecci\u00f3n y b\u00fasqueda inteligentes<\/strong><br \/>\nDescubre contenido y conocimientos en tu organizaci\u00f3n con la b\u00fasqueda inteligente en todas las fuentes de datos, incluidas las aplicaciones SharePoint, Delve y Office.<\/p>\n<p><strong>Conexi\u00f3n y colaboraci\u00f3n<\/strong><br \/>\nCon Microsoft Teams, accede instant\u00e1neamente a todo lo que tus equipos pueden necesitar, incluidos chat, contenido, herramientas y personas.<\/p>\n<p><strong>Desarrollo de aplicaciones para Web y dispositivos m\u00f3viles<\/strong><br \/>\nCrea r\u00e1pidamente aplicaciones empresariales personalizadas para la web y dispositivos celulares con Microsoft Power Apps. Elige entre plantillas o comienza desde cero. No requiere saber programar.<\/p>\n<p><strong>Automatizaci\u00f3n del flujo de trabajo<\/strong><br \/>\nCrea flujos de trabajo automatizados entre aplicaciones y servicios para obtener notificaciones, sincronizar archivos, recopilar datos y hacer mucho m\u00e1s con Microsoft Power Automate. No requiere saber programar.<\/p>\n<p><strong>Funciona en varios dispositivos<\/strong><br \/>\nObt\u00e9n las aplicaciones totalmente instaladas de Office en varias PC, Mac, tabletas y dispositivos celulares (incluidos Windows, iOS y Android).3<\/p>\n<p><strong>Mensajer\u00eda instant\u00e1nea y reuniones online<\/strong><br \/>\nComun\u00edcate mediante texto, voz o videollamadas con Microsoft Teams. Organiza reuniones en la web con uso compartido de pantalla con un solo paso y videoconferencias HD.<\/p>\n<p>&nbsp;<\/p>\n<p>&nbsp;<\/p>\n<p>&nbsp;<\/p>\n<p><strong>COMO SE ACCEDE A LA SUSCRIPCI\u00d3N<\/strong><\/p>\n<p>Despu\u00e9s que haga la compra. Nos debe enviar los siguientes datos:<br \/>\n1) Nombre de empresa<br \/>\n2) Direcci\u00f3n<br \/>\n3) Ciudad<br \/>\n4) Pa\u00eds<br \/>\n5) C\u00f3digo postal<br \/>\n6) Correo electr\u00f3nico<\/p>\n<p>esto es para crearlo como Tenant en Microsoft.<br \/>\nLuego le asignaremos la licencia a este Tenant. Y le enviaremos usuario y contrase\u00f1a.<\/p>\n","protected":false},"excerpt":{"rendered":"<ul>\n<li>Obt\u00e9n las versiones de escritorio de las aplicaciones de Office, entre las que se incluyen Outlook, Word, Excel, PowerPoint y OneNote (adem\u00e1s de Access y Publisher solo para PC).<\/li>\n<li>Hospeda correo con un buz\u00f3n de 50 GB y dominio de correo personalizado.<\/li>\n<li>Crea un centro de trabajo en equipo para conectar a las personas mediante Microsoft Teams.<\/li>\n<li>Almacena y comparte archivos con 1 TB de almacenamiento en la nube de OneDrive por usuario.<\/li>\n<li>Usa una para disfrutar de las aplicaciones de Office totalmente instaladas en cinco dispositivos m\u00f3viles, cinco tabletas y cinco PC o Mac por usuario.<\/li>\n<\/ul>\n","protected":false},"featured_media":233440,"template":"","meta":{"_et_pb_use_builder":"","_et_pb_old_content":"","_et_gb_content_width":"","_joinchat":[]},"product_cat":[70],"product_tag":[],"_links":{"self":[{"href":"https:\/\/www.pafensol.com\/web\/wp-json\/wp\/v2\/product\/233455"}],"collection":[{"href":"https:\/\/www.pafensol.com\/web\/wp-json\/wp\/v2\/product"}],"about":[{"href":"https:\/\/www.pafensol.com\/web\/wp-json\/wp\/v2\/types\/product"}],"wp:featuredmedia":[{"embeddable":true,"href":"https:\/\/www.pafensol.com\/web\/wp-json\/wp\/v2\/media\/233440"}],"wp:attachment":[{"href":"https:\/\/www.pafensol.com\/web\/wp-json\/wp\/v2\/media?parent=233455"}],"wp:term":[{"taxonomy":"product_cat","embeddable":true,"href":"https:\/\/www.pafensol.com\/web\/wp-json\/wp\/v2\/product_cat?post=233455"},{"taxonomy":"product_tag","embeddable":true,"href":"https:\/\/www.pafensol.com\/web\/wp-json\/wp\/v2\/product_tag?post=233455"}],"curies":[{"name":"wp","href":"https:\/\/api.w.org\/{rel}","templated":true}]}}