{"id":233663,"date":"2023-02-16T16:39:47","date_gmt":"2023-02-16T21:39:47","guid":{"rendered":"https:\/\/www.pafensol.com\/web\/producto\/pesas-de-10-lbs-profit-color-azul-oscuro\/"},"modified":"2023-09-12T09:56:25","modified_gmt":"2023-09-12T14:56:25","slug":"pesas-de-10-lbs-profit-color-azul-oscuro","status":"publish","type":"product","link":"https:\/\/www.pafensol.com\/web\/producto\/pesas-de-10-lbs-profit-color-azul-oscuro\/","title":{"rendered":"Pesas de 10 Lbs Profit Color Azul Oscuro"},"content":{"rendered":"<p>Juego de 2 mancuernas para entrenamiento de resistencia; cada mancuerna pesa 10 libras recubrimiento de neopreno de f\u00e1cil agarre para una sujeci\u00f3n segura, n\u00famero de peso impreso en cada tapa de extremo y c\u00f3digo de color para una identificaci\u00f3n r\u00e1pida. La forma hexagonal evita las pesas de rodar lejos. Su objetivo principal es el de fortalecer los m\u00fasculos.<\/p>\n","protected":false},"excerpt":{"rendered":"<ul>\n<li> &#8211; Material:\u00a0Recubierto Neopreno <\/li>\n<li> &#8211; Material de la estructura: Acero recubierto en neopreno <\/li>\n<li> &#8211; El valor solo incluye una mancuerna <\/li>\n<\/ul>\n","protected":false},"featured_media":233662,"template":"","meta":{"_et_pb_use_builder":"","_et_pb_old_content":"","_et_gb_content_width":"","_joinchat":[]},"product_cat":[27],"product_tag":[],"_links":{"self":[{"href":"https:\/\/www.pafensol.com\/web\/wp-json\/wp\/v2\/product\/233663"}],"collection":[{"href":"https:\/\/www.pafensol.com\/web\/wp-json\/wp\/v2\/product"}],"about":[{"href":"https:\/\/www.pafensol.com\/web\/wp-json\/wp\/v2\/types\/product"}],"wp:featuredmedia":[{"embeddable":true,"href":"https:\/\/www.pafensol.com\/web\/wp-json\/wp\/v2\/media\/233662"}],"wp:attachment":[{"href":"https:\/\/www.pafensol.com\/web\/wp-json\/wp\/v2\/media?parent=233663"}],"wp:term":[{"taxonomy":"product_cat","embeddable":true,"href":"https:\/\/www.pafensol.com\/web\/wp-json\/wp\/v2\/product_cat?post=233663"},{"taxonomy":"product_tag","embeddable":true,"href":"https:\/\/www.pafensol.com\/web\/wp-json\/wp\/v2\/product_tag?post=233663"}],"curies":[{"name":"wp","href":"https:\/\/api.w.org\/{rel}","templated":true}]}}