{"id":233716,"date":"2023-02-16T17:07:38","date_gmt":"2023-02-16T22:07:38","guid":{"rendered":"https:\/\/www.pafensol.com\/web\/producto\/adaptacion-espalda-sport-fitness-071125-kfep-127\/"},"modified":"2023-09-19T16:36:23","modified_gmt":"2023-09-19T21:36:23","slug":"adaptacion-espalda-sport-fitness-071125-kfep-127","status":"publish","type":"product","link":"https:\/\/www.pafensol.com\/web\/producto\/adaptacion-espalda-sport-fitness-071125-kfep-127\/","title":{"rendered":"Adaptacion Espalda Sport Fitness 071125 Kfep-127"},"content":{"rendered":"<p>La adaptaci\u00f3n de polea para espalda, esta especialmente dise\u00f1ado para una duraci\u00f3n muy buena, ya que cuenta con una aleaci\u00f3n muy buena en acero que hace que dure bastante, este acero se encuentra cromado para brindarle al usuario una sensaci\u00f3n premium con este producto.<\/p>\n","protected":false},"excerpt":{"rendered":"<p>La adaptaci\u00f3n de polea para espalda, esta especialmente dise\u00f1ado para una duraci\u00f3n muy buena, ya que cuenta con una aleaci\u00f3n muy buena en acero que hace que dure bastante, este acero se encuentra cromado para brindarle al usuario una sensaci\u00f3n premium con este producto.<\/p>\n","protected":false},"featured_media":233712,"template":"","meta":{"_et_pb_use_builder":"","_et_pb_old_content":"","_et_gb_content_width":"","_joinchat":[]},"product_cat":[15],"product_tag":[],"_links":{"self":[{"href":"https:\/\/www.pafensol.com\/web\/wp-json\/wp\/v2\/product\/233716"}],"collection":[{"href":"https:\/\/www.pafensol.com\/web\/wp-json\/wp\/v2\/product"}],"about":[{"href":"https:\/\/www.pafensol.com\/web\/wp-json\/wp\/v2\/types\/product"}],"wp:featuredmedia":[{"embeddable":true,"href":"https:\/\/www.pafensol.com\/web\/wp-json\/wp\/v2\/media\/233712"}],"wp:attachment":[{"href":"https:\/\/www.pafensol.com\/web\/wp-json\/wp\/v2\/media?parent=233716"}],"wp:term":[{"taxonomy":"product_cat","embeddable":true,"href":"https:\/\/www.pafensol.com\/web\/wp-json\/wp\/v2\/product_cat?post=233716"},{"taxonomy":"product_tag","embeddable":true,"href":"https:\/\/www.pafensol.com\/web\/wp-json\/wp\/v2\/product_tag?post=233716"}],"curies":[{"name":"wp","href":"https:\/\/api.w.org\/{rel}","templated":true}]}}