{"id":233804,"date":"2023-02-17T20:32:50","date_gmt":"2023-02-18T01:32:50","guid":{"rendered":"https:\/\/www.pafensol.com\/web\/producto\/patineta-especial-negra-con-verde\/"},"modified":"2023-10-27T10:40:09","modified_gmt":"2023-10-27T15:40:09","slug":"patineta-especial-negra-con-verde","status":"publish","type":"product","link":"https:\/\/www.pafensol.com\/web\/producto\/patineta-especial-negra-con-verde\/","title":{"rendered":"Patineta Especial Negra Con Verde"},"content":{"rendered":"<p>Esta patineta lleva una plataforma antideslizante ancha para mayor estabilidad y resistencia. Cuerpo de metal, manubrio con c\u00f3modos pu\u00f1os acolchados mejora la amortiguaci\u00f3n y durabilidad de las llantas.\u00a0Tabla mejorada completa con antideslizante, m\u00e1s segura.<br \/>\nLa emoci\u00f3n de la energ\u00eda se combina con la \u00faltima tecnolog\u00eda y los materiales de alta calidad por los que se conocen. Una plataforma y un marco de tama\u00f1o completo, la patineta  est\u00e1 dise\u00f1ado para NI\u00d1OS desde 9 a\u00f1os hasta soportar 60 kilos y viaja a velocidades de hasta 12 km por hora. Marco de tama\u00f1o completo, Soporte de pie retr\u00e1ctil. Neum\u00e1ticos, llantas inflables, soporte de pie retr\u00e1ctil.<\/p>\n","protected":false},"excerpt":{"rendered":"<ul>\n<li> &#8211; Cantidad de ruedas: 2 <\/li>\n<li> &#8211; Tama\u00f1o: plegable <\/li>\n<li> &#8211; Llanta delantera y trasera: Macizas <\/li>\n<\/ul>\n","protected":false},"featured_media":233800,"template":"","meta":{"_et_pb_use_builder":"","_et_pb_old_content":"","_et_gb_content_width":"","_joinchat":[]},"product_cat":[27],"product_tag":[],"_links":{"self":[{"href":"https:\/\/www.pafensol.com\/web\/wp-json\/wp\/v2\/product\/233804"}],"collection":[{"href":"https:\/\/www.pafensol.com\/web\/wp-json\/wp\/v2\/product"}],"about":[{"href":"https:\/\/www.pafensol.com\/web\/wp-json\/wp\/v2\/types\/product"}],"wp:featuredmedia":[{"embeddable":true,"href":"https:\/\/www.pafensol.com\/web\/wp-json\/wp\/v2\/media\/233800"}],"wp:attachment":[{"href":"https:\/\/www.pafensol.com\/web\/wp-json\/wp\/v2\/media?parent=233804"}],"wp:term":[{"taxonomy":"product_cat","embeddable":true,"href":"https:\/\/www.pafensol.com\/web\/wp-json\/wp\/v2\/product_cat?post=233804"},{"taxonomy":"product_tag","embeddable":true,"href":"https:\/\/www.pafensol.com\/web\/wp-json\/wp\/v2\/product_tag?post=233804"}],"curies":[{"name":"wp","href":"https:\/\/api.w.org\/{rel}","templated":true}]}}