{"id":233839,"date":"2023-02-17T21:04:16","date_gmt":"2023-02-18T02:04:16","guid":{"rendered":"https:\/\/www.pafensol.com\/web\/producto\/eliptica-mecanica-sport-fitness-negra\/"},"modified":"2023-02-17T21:04:16","modified_gmt":"2023-02-18T02:04:16","slug":"eliptica-mecanica-sport-fitness-negra","status":"publish","type":"product","link":"https:\/\/www.pafensol.com\/web\/producto\/eliptica-mecanica-sport-fitness-negra\/","title":{"rendered":"El\u00edptica Mec\u00e1nica Sport Fitness Negra"},"content":{"rendered":"<p>El\u00edptica Mec\u00e1nica Sport Fitness Negra, la el\u00edptica con ventilador de Sport Fitness permite el movimiento natural del cuerpo en el que la persona se mueve mientras est\u00e1 parado, apoyando sus pies en unos pedales. Al estar en el \u201caire\u201d y no impactar brinda un gran beneficio, no perjudica las articulaciones ni la espalda.<br \/>\nEs un equipo que te va a durar mucho tiempo con un buen cuidado debido a su estructura en hierro de alta resistencia y su pintura electrost\u00e1tica de larga duraci\u00f3n.<br \/>\nEl computador de la el\u00edptica con ventilador de Sport Fitness te permite monitorear tu rutina al brindarte informaci\u00f3n como tiempo, velocidad, distancia y calor\u00edas.<\/p>\n","protected":false},"excerpt":{"rendered":"<ul>\n<li> &#8211; Estructura en hierro de alta resistencia <\/li>\n<li> &#8211; Pintura electrost\u00e1tica <\/li>\n<li> &#8211; Computador: tiempo-velocidad-distancia-calor\u00edas <\/li>\n<li> &#8211; Sistema de bandas <\/li>\n<li> &#8211; Peso m\u00e1ximo de usuario: 80 kg <\/li>\n<li> &#8211; Uso: Hogar, Institucional <\/li>\n<\/ul>\n","protected":false},"featured_media":233837,"template":"","meta":{"_et_pb_use_builder":"","_et_pb_old_content":"","_et_gb_content_width":"","_joinchat":[]},"product_cat":[15],"product_tag":[],"_links":{"self":[{"href":"https:\/\/www.pafensol.com\/web\/wp-json\/wp\/v2\/product\/233839"}],"collection":[{"href":"https:\/\/www.pafensol.com\/web\/wp-json\/wp\/v2\/product"}],"about":[{"href":"https:\/\/www.pafensol.com\/web\/wp-json\/wp\/v2\/types\/product"}],"wp:featuredmedia":[{"embeddable":true,"href":"https:\/\/www.pafensol.com\/web\/wp-json\/wp\/v2\/media\/233837"}],"wp:attachment":[{"href":"https:\/\/www.pafensol.com\/web\/wp-json\/wp\/v2\/media?parent=233839"}],"wp:term":[{"taxonomy":"product_cat","embeddable":true,"href":"https:\/\/www.pafensol.com\/web\/wp-json\/wp\/v2\/product_cat?post=233839"},{"taxonomy":"product_tag","embeddable":true,"href":"https:\/\/www.pafensol.com\/web\/wp-json\/wp\/v2\/product_tag?post=233839"}],"curies":[{"name":"wp","href":"https:\/\/api.w.org\/{rel}","templated":true}]}}