{"id":233914,"date":"2023-03-02T07:12:21","date_gmt":"2023-03-02T12:12:21","guid":{"rendered":"https:\/\/www.pafensol.com\/web\/producto\/patines-canariam-black-magic-pro-plus-morado-39-42\/"},"modified":"2023-12-28T15:05:06","modified_gmt":"2023-12-28T20:05:06","slug":"patines-canariam-black-magic-pro-plus-morado-39-42","status":"publish","type":"product","link":"https:\/\/www.pafensol.com\/web\/producto\/patines-canariam-black-magic-pro-plus-morado-39-42\/","title":{"rendered":"Patines Canariam Black Magic Pro Plus Morado 39-42"},"content":{"rendered":"<p>Patines Canariam Black Magic Pro Plus Morado 39-42<br \/>\nPatines en l\u00ednea de uso semiprofesional, recreativo e iniciaci\u00f3n, bota en pasta de alta calidad que lo hace m\u00e1s resistente a golpes o rozaduras, acolchado interior. El sistema de ajuste por tallas permite prolongar su uso con el crecimiento del usuario. Cuentan con cuatro ruedas de 90MM. Chasis profesional que permite usarlo con tres o con cuatro ruedas de 100MM, Se sugiere seleccionar 2 tallas m\u00e1s de las que usa en calzado normal.<\/p>\n","protected":false},"excerpt":{"rendered":"<ul>\n<li> &#8211; Bota en pasta de alta calidad que lo hace m\u00e1s resistente a golpes o rozaduras <\/li>\n<li> &#8211; El sistema de ajuste por tallas permite prolongar su uso con el crecimiento del usuario <\/li>\n<li> &#8211; Chasis profesional que permite usarlo con tres o con cuatro ruedas de 100MM <\/li>\n<li> &#8211; <\/li>\n<\/ul>\n","protected":false},"featured_media":233911,"template":"","meta":{"_et_pb_use_builder":"","_et_pb_old_content":"","_et_gb_content_width":"","_joinchat":[]},"product_cat":[27],"product_tag":[],"_links":{"self":[{"href":"https:\/\/www.pafensol.com\/web\/wp-json\/wp\/v2\/product\/233914"}],"collection":[{"href":"https:\/\/www.pafensol.com\/web\/wp-json\/wp\/v2\/product"}],"about":[{"href":"https:\/\/www.pafensol.com\/web\/wp-json\/wp\/v2\/types\/product"}],"wp:featuredmedia":[{"embeddable":true,"href":"https:\/\/www.pafensol.com\/web\/wp-json\/wp\/v2\/media\/233911"}],"wp:attachment":[{"href":"https:\/\/www.pafensol.com\/web\/wp-json\/wp\/v2\/media?parent=233914"}],"wp:term":[{"taxonomy":"product_cat","embeddable":true,"href":"https:\/\/www.pafensol.com\/web\/wp-json\/wp\/v2\/product_cat?post=233914"},{"taxonomy":"product_tag","embeddable":true,"href":"https:\/\/www.pafensol.com\/web\/wp-json\/wp\/v2\/product_tag?post=233914"}],"curies":[{"name":"wp","href":"https:\/\/api.w.org\/{rel}","templated":true}]}}