{"id":233979,"date":"2023-03-09T11:36:58","date_gmt":"2023-03-09T16:36:58","guid":{"rendered":"https:\/\/www.pafensol.com\/web\/producto\/kit-de-proteccion-canariam-negro-xs\/"},"modified":"2023-03-09T11:36:58","modified_gmt":"2023-03-09T16:36:58","slug":"kit-de-proteccion-canariam-negro-xs","status":"publish","type":"product","link":"https:\/\/www.pafensol.com\/web\/producto\/kit-de-proteccion-canariam-negro-xs\/","title":{"rendered":"Kit De Proteccion Canariam Negro Xs"},"content":{"rendered":"<p>Kit De Proteccion Canariam Negro Xs<br \/>\n El kit de protecciones canariam cuenta con seis piezas las cuales incluyen manoplas, coderas y rodilleras.<br \/>\nEspuma con tela enmallada para mayor comodidad<br \/>\nPlaca de protecci\u00f3n en PVC de alta resistencia.<br \/>\nExtensi\u00f3n que mejora la anatom\u00eda del producto, el\u00e1stico que cubre alrededor de todo el codo y la rodilla.<br \/>\nAjuste de doble velcro y banda el\u00e1stica.<br \/>\nIdeales para escuelas de patinaje y patinaje recreativo.<br \/>\nLa talla XS es para ni\u00f1os de aproximadamente 3-5 a\u00f1os, (recomendado)<\/p>\n","protected":false},"excerpt":{"rendered":"<ul>\n<li> Ajuste de doble velcro y banda el\u00e1stica. <\/li>\n<li> Ideales para escuelas de patinaje y patinaje recreativo. <\/li>\n<li> La talla XS es para ni\u00f1os de aproximadamente 3-5 a\u00f1os, (recomendado) <\/li>\n<\/ul>\n","protected":false},"featured_media":233975,"template":"","meta":{"_et_pb_use_builder":"","_et_pb_old_content":"","_et_gb_content_width":"","_joinchat":[]},"product_cat":[27],"product_tag":[],"_links":{"self":[{"href":"https:\/\/www.pafensol.com\/web\/wp-json\/wp\/v2\/product\/233979"}],"collection":[{"href":"https:\/\/www.pafensol.com\/web\/wp-json\/wp\/v2\/product"}],"about":[{"href":"https:\/\/www.pafensol.com\/web\/wp-json\/wp\/v2\/types\/product"}],"wp:featuredmedia":[{"embeddable":true,"href":"https:\/\/www.pafensol.com\/web\/wp-json\/wp\/v2\/media\/233975"}],"wp:attachment":[{"href":"https:\/\/www.pafensol.com\/web\/wp-json\/wp\/v2\/media?parent=233979"}],"wp:term":[{"taxonomy":"product_cat","embeddable":true,"href":"https:\/\/www.pafensol.com\/web\/wp-json\/wp\/v2\/product_cat?post=233979"},{"taxonomy":"product_tag","embeddable":true,"href":"https:\/\/www.pafensol.com\/web\/wp-json\/wp\/v2\/product_tag?post=233979"}],"curies":[{"name":"wp","href":"https:\/\/api.w.org\/{rel}","templated":true}]}}