{"id":233997,"date":"2023-03-09T14:48:41","date_gmt":"2023-03-09T19:48:41","guid":{"rendered":"https:\/\/www.pafensol.com\/web\/producto\/bandas-5-unidades-figo-nacional-multicolor\/"},"modified":"2023-09-12T09:49:41","modified_gmt":"2023-09-12T14:49:41","slug":"bandas-5-unidades-figo-nacional-multicolor","status":"publish","type":"product","link":"https:\/\/www.pafensol.com\/web\/producto\/bandas-5-unidades-figo-nacional-multicolor\/","title":{"rendered":"Bandas 5 Unidades Figo Nacional Multicolor"},"content":{"rendered":"<p>Ideal para cualquier ejercicio. Este juego de bandas de resistencia se puede emplear para cada programa de entrenamiento como P90x, insany, Crossfit, Body de playa, Yoga, Pilates, etc. As\u00ed como ejercicios generales, estiramiento, entrenamiento de fuerza, programas de peso energ\u00e9tico, tonificaci\u00f3n, rehabilitaci\u00f3n y terapia f\u00edsica.<br \/>\nM\u00faltiples usos: se pueden utilizar para deportes y fitness, tambi\u00e9n es bueno para la recuperaci\u00f3n f\u00edsica de MCL y ACL, rodilla, r\u00f3tula y rehabilitaci\u00f3n de meniscos.<\/p>\n","protected":false},"excerpt":{"rendered":"<ul>\n<li> &#8211; Bueno para la recuperaci\u00f3n f\u00edsica de MCL y ACL, rodilla, r\u00f3tula y rehabilitaci\u00f3n de meniscos. <\/li>\n<li> &#8211; Se pueden utilizar para deportes y fitness <\/li>\n<li> &#8211;  Entrenamiento de fuerza <\/li>\n<\/ul>\n","protected":false},"featured_media":233996,"template":"","meta":{"_et_pb_use_builder":"","_et_pb_old_content":"","_et_gb_content_width":"","_joinchat":[]},"product_cat":[27],"product_tag":[],"_links":{"self":[{"href":"https:\/\/www.pafensol.com\/web\/wp-json\/wp\/v2\/product\/233997"}],"collection":[{"href":"https:\/\/www.pafensol.com\/web\/wp-json\/wp\/v2\/product"}],"about":[{"href":"https:\/\/www.pafensol.com\/web\/wp-json\/wp\/v2\/types\/product"}],"wp:featuredmedia":[{"embeddable":true,"href":"https:\/\/www.pafensol.com\/web\/wp-json\/wp\/v2\/media\/233996"}],"wp:attachment":[{"href":"https:\/\/www.pafensol.com\/web\/wp-json\/wp\/v2\/media?parent=233997"}],"wp:term":[{"taxonomy":"product_cat","embeddable":true,"href":"https:\/\/www.pafensol.com\/web\/wp-json\/wp\/v2\/product_cat?post=233997"},{"taxonomy":"product_tag","embeddable":true,"href":"https:\/\/www.pafensol.com\/web\/wp-json\/wp\/v2\/product_tag?post=233997"}],"curies":[{"name":"wp","href":"https:\/\/api.w.org\/{rel}","templated":true}]}}