{"id":234151,"date":"2023-03-15T21:32:02","date_gmt":"2023-03-16T02:32:02","guid":{"rendered":"https:\/\/www.pafensol.com\/web\/producto\/balon-medicinal-7-kg-con-agarre-negro\/"},"modified":"2023-09-13T11:57:21","modified_gmt":"2023-09-13T16:57:21","slug":"balon-medicinal-7-kg-con-agarre-negro","status":"publish","type":"product","link":"https:\/\/www.pafensol.com\/web\/producto\/balon-medicinal-7-kg-con-agarre-negro\/","title":{"rendered":"Balon Medicinal 7 Kg Con Agarre Negro"},"content":{"rendered":"<p>Dise\u00f1ado para el trabajo de PROPIOCEPCI\u00d3N, FUERZA, VELOCIDAD Y RESISTENCIA. Material de alta resistencia y duradero, puede ser usado por personas de cualquier edad y condici\u00f3n f\u00edsica de forma individual o por parejas.<br \/>\nDise\u00f1o compacto que ocupa poco espacio, todo esto hace que el bal\u00f3n medicinal sea una herramienta magn\u00edfica para quienes tienen el h\u00e1bito de realizar EJERCICIO en su propia CASA.<\/p>\n","protected":false},"excerpt":{"rendered":"<p>Dise\u00f1ado para el trabajo de PROPIOCEPCI\u00d3N, FUERZA, VELOCIDAD Y RESISTENCIA. Material de alta resistencia y duradero, puede ser usado por personas de cualquier edad y condici\u00f3n f\u00edsica de forma individual o por parejas. Dise\u00f1o compacto que ocupa poco espacio, todo esto hace que el bal\u00f3n medicinal sea una herramienta magn\u00edfica para quienes tienen el h\u00e1bito [&hellip;]<\/p>\n","protected":false},"featured_media":234150,"template":"","meta":{"_et_pb_use_builder":"","_et_pb_old_content":"","_et_gb_content_width":"","_joinchat":[]},"product_cat":[27],"product_tag":[],"_links":{"self":[{"href":"https:\/\/www.pafensol.com\/web\/wp-json\/wp\/v2\/product\/234151"}],"collection":[{"href":"https:\/\/www.pafensol.com\/web\/wp-json\/wp\/v2\/product"}],"about":[{"href":"https:\/\/www.pafensol.com\/web\/wp-json\/wp\/v2\/types\/product"}],"wp:featuredmedia":[{"embeddable":true,"href":"https:\/\/www.pafensol.com\/web\/wp-json\/wp\/v2\/media\/234150"}],"wp:attachment":[{"href":"https:\/\/www.pafensol.com\/web\/wp-json\/wp\/v2\/media?parent=234151"}],"wp:term":[{"taxonomy":"product_cat","embeddable":true,"href":"https:\/\/www.pafensol.com\/web\/wp-json\/wp\/v2\/product_cat?post=234151"},{"taxonomy":"product_tag","embeddable":true,"href":"https:\/\/www.pafensol.com\/web\/wp-json\/wp\/v2\/product_tag?post=234151"}],"curies":[{"name":"wp","href":"https:\/\/api.w.org\/{rel}","templated":true}]}}