{"id":234156,"date":"2023-03-15T21:32:20","date_gmt":"2023-03-16T02:32:20","guid":{"rendered":"https:\/\/www.pafensol.com\/web\/producto\/balon-medicinal-3-kg-con-agarre-071623-negro\/"},"modified":"2023-09-13T12:04:55","modified_gmt":"2023-09-13T17:04:55","slug":"balon-medicinal-3-kg-con-agarre-071623-negro","status":"publish","type":"product","link":"https:\/\/www.pafensol.com\/web\/producto\/balon-medicinal-3-kg-con-agarre-071623-negro\/","title":{"rendered":"Balon Medicinal 3 Kg Con Agarre 071623 Negro"},"content":{"rendered":"<p>peso estable de 3kg, dise\u00f1ado para el trabajo de PROPIOCEPCI\u00d3N, FUERZA, VELOCIDAD Y RESISTENCIA. Material de alta resistencia y duradero, puede ser usado por personas de cualquier edad y condici\u00f3n f\u00edsica de forma individual o por parejas.<br \/>\nDise\u00f1o compacto que ocupa poco espacio, todo esto hace que el bal\u00f3n medicinal sea una herramienta magn\u00edfica para quienes tienen el h\u00e1bito de realizar EJERCICIO en su propia CASA.<\/p>\n","protected":false},"excerpt":{"rendered":"<p>peso estable de 3kg, dise\u00f1ado para el trabajo de PROPIOCEPCI\u00d3N, FUERZA, VELOCIDAD Y RESISTENCIA. Material de alta resistencia y duradero, puede ser usado por personas de cualquier edad y condici\u00f3n f\u00edsica de forma individual o por parejas. Dise\u00f1o compacto que ocupa poco espacio, todo esto hace que el bal\u00f3n medicinal sea una herramienta magn\u00edfica para [&hellip;]<\/p>\n","protected":false},"featured_media":234153,"template":"","meta":{"_et_pb_use_builder":"","_et_pb_old_content":"","_et_gb_content_width":"","_joinchat":[]},"product_cat":[27],"product_tag":[],"_links":{"self":[{"href":"https:\/\/www.pafensol.com\/web\/wp-json\/wp\/v2\/product\/234156"}],"collection":[{"href":"https:\/\/www.pafensol.com\/web\/wp-json\/wp\/v2\/product"}],"about":[{"href":"https:\/\/www.pafensol.com\/web\/wp-json\/wp\/v2\/types\/product"}],"wp:featuredmedia":[{"embeddable":true,"href":"https:\/\/www.pafensol.com\/web\/wp-json\/wp\/v2\/media\/234153"}],"wp:attachment":[{"href":"https:\/\/www.pafensol.com\/web\/wp-json\/wp\/v2\/media?parent=234156"}],"wp:term":[{"taxonomy":"product_cat","embeddable":true,"href":"https:\/\/www.pafensol.com\/web\/wp-json\/wp\/v2\/product_cat?post=234156"},{"taxonomy":"product_tag","embeddable":true,"href":"https:\/\/www.pafensol.com\/web\/wp-json\/wp\/v2\/product_tag?post=234156"}],"curies":[{"name":"wp","href":"https:\/\/api.w.org\/{rel}","templated":true}]}}