{"id":234157,"date":"2023-03-15T21:32:21","date_gmt":"2023-03-16T02:32:21","guid":{"rendered":"https:\/\/www.pafensol.com\/web\/producto\/balon-de-peso-20kg-caucho-sport-fitness-negro\/"},"modified":"2023-09-13T12:01:33","modified_gmt":"2023-09-13T17:01:33","slug":"balon-de-peso-20kg-caucho-sport-fitness-negro","status":"publish","type":"product","link":"https:\/\/www.pafensol.com\/web\/producto\/balon-de-peso-20kg-caucho-sport-fitness-negro\/","title":{"rendered":"Balon De Peso 20kg Caucho Sport Fitness Negro"},"content":{"rendered":"<p>Especialmente \u00fatiles para a\u00f1adir resistencia a su entrenamiento. Tambi\u00e9n Aumentar la fuerza y masa muscular su superficie adherente para asegurar un buen agarre. \u00a1La Salud, Su Tesoro!<\/p>\n","protected":false},"excerpt":{"rendered":"<p>Especialmente \u00fatiles para a\u00f1adir resistencia a su entrenamiento. Tambi\u00e9n Aumentar la fuerza y masa muscular su superficie adherente para asegurar un buen agarre. \u00a1La Salud, Su Tesoro!<\/p>\n","protected":false},"featured_media":234155,"template":"","meta":{"_et_pb_use_builder":"","_et_pb_old_content":"","_et_gb_content_width":"","_joinchat":[]},"product_cat":[27],"product_tag":[],"_links":{"self":[{"href":"https:\/\/www.pafensol.com\/web\/wp-json\/wp\/v2\/product\/234157"}],"collection":[{"href":"https:\/\/www.pafensol.com\/web\/wp-json\/wp\/v2\/product"}],"about":[{"href":"https:\/\/www.pafensol.com\/web\/wp-json\/wp\/v2\/types\/product"}],"wp:featuredmedia":[{"embeddable":true,"href":"https:\/\/www.pafensol.com\/web\/wp-json\/wp\/v2\/media\/234155"}],"wp:attachment":[{"href":"https:\/\/www.pafensol.com\/web\/wp-json\/wp\/v2\/media?parent=234157"}],"wp:term":[{"taxonomy":"product_cat","embeddable":true,"href":"https:\/\/www.pafensol.com\/web\/wp-json\/wp\/v2\/product_cat?post=234157"},{"taxonomy":"product_tag","embeddable":true,"href":"https:\/\/www.pafensol.com\/web\/wp-json\/wp\/v2\/product_tag?post=234157"}],"curies":[{"name":"wp","href":"https:\/\/api.w.org\/{rel}","templated":true}]}}