{"id":234168,"date":"2023-03-16T16:49:54","date_gmt":"2023-03-16T21:49:54","guid":{"rendered":"https:\/\/www.pafensol.com\/web\/producto\/palancas-llantas-nylon-prtl0049-pro\/"},"modified":"2023-10-30T09:20:31","modified_gmt":"2023-10-30T14:20:31","slug":"palancas-llantas-nylon-prtl0049-pro","status":"publish","type":"product","link":"https:\/\/www.pafensol.com\/web\/producto\/palancas-llantas-nylon-prtl0049-pro\/","title":{"rendered":"Palancas Llantas Nylon Prtl0049 Pro"},"content":{"rendered":"<p>Palancas Llantas Nylon Prtl0049 Pro<br \/>\nCon las PALANCAS en nylon PRO para desmontar cubiertas podr\u00e1s retirar la llanta (tambi\u00e9n llamada coraza) de manera m\u00e1s f\u00e1cil gracias a su dise\u00f1o que permite dejar sostenida a un radio (o tambi\u00e9n llamado rayo) de la rueda mientras vas realizando el trabajo con las otras dos palas.<\/p>\n<p>Al manejar la l\u00ednea de productos PRO le estas ofreciendo a tus clientes el producto con el mejor respaldo en el mercado. Nuestro porcentaje de quejas por garant\u00eda es menos del 1% a nivel mundial y en los pocos casos que se presente una reclamaci\u00f3n por garant\u00eda esta se atender\u00e1 con la mayor rapidez posible. Con PRO siempre tienes clientes contentos.<br \/>\nResistente material POM<br \/>\nForma optimizada para un desmontaje f\u00e1cil y libero de las cubiertas<\/p>\n","protected":false},"excerpt":{"rendered":"<ul>\n<li> -Resistente material POM <\/li>\n<li> -Forma optimizada para un desmontaje f\u00e1cil y libero de las cubiertas <\/li>\n<li> -Dise\u00f1o que permite dejar sostenida a un radio de la rueda mientras vas realizando el trabajo con las otras dos palas. <\/li>\n<\/ul>\n","protected":false},"featured_media":234165,"template":"","meta":{"_et_pb_use_builder":"","_et_pb_old_content":"","_et_gb_content_width":"","_joinchat":[]},"product_cat":[27],"product_tag":[],"_links":{"self":[{"href":"https:\/\/www.pafensol.com\/web\/wp-json\/wp\/v2\/product\/234168"}],"collection":[{"href":"https:\/\/www.pafensol.com\/web\/wp-json\/wp\/v2\/product"}],"about":[{"href":"https:\/\/www.pafensol.com\/web\/wp-json\/wp\/v2\/types\/product"}],"wp:featuredmedia":[{"embeddable":true,"href":"https:\/\/www.pafensol.com\/web\/wp-json\/wp\/v2\/media\/234165"}],"wp:attachment":[{"href":"https:\/\/www.pafensol.com\/web\/wp-json\/wp\/v2\/media?parent=234168"}],"wp:term":[{"taxonomy":"product_cat","embeddable":true,"href":"https:\/\/www.pafensol.com\/web\/wp-json\/wp\/v2\/product_cat?post=234168"},{"taxonomy":"product_tag","embeddable":true,"href":"https:\/\/www.pafensol.com\/web\/wp-json\/wp\/v2\/product_tag?post=234168"}],"curies":[{"name":"wp","href":"https:\/\/api.w.org\/{rel}","templated":true}]}}