{"id":234207,"date":"2023-03-20T14:08:57","date_gmt":"2023-03-20T19:08:57","guid":{"rendered":"https:\/\/www.pafensol.com\/web\/producto\/soporte-bicicleta-acero-kl-bs04-negro\/"},"modified":"2023-12-16T16:39:19","modified_gmt":"2023-12-16T21:39:19","slug":"soporte-bicicleta-acero-kl-bs04-negro","status":"publish","type":"product","link":"https:\/\/www.pafensol.com\/web\/producto\/soporte-bicicleta-acero-kl-bs04-negro\/","title":{"rendered":"Soporte Bicicleta Acero Kl-BS04 Negro"},"content":{"rendered":"<p>Soporte para todo tipo de bicicletas, m\u00ednimo espacio requerido ideal para guardar tu bici en interiores y no da\u00f1ar ni ensuciar las paredes, se adapta a todo tipo de bicicletas hasta rin 29&#8243;, dejes que tu bici amada da\u00f1e tus paredes, esta es la oportunidad de acomodar tu bici dej\u00e1ndola como un adorno m\u00e1s de tu casa o apartamento, excelente para acomodar la bici adornando el espacio con tu juguete.  No m\u00e1s desorden ni rayones.<\/p>\n","protected":false},"excerpt":{"rendered":"<ul>\n<li> &#8211; Material: hierro <\/li>\n<li> &#8211; Uso: dom\u00e9stico <\/li>\n<li> &#8211; Capacidad de bicicletas 2 <\/li>\n<\/ul>\n","protected":false},"featured_media":234202,"template":"","meta":{"_et_pb_use_builder":"","_et_pb_old_content":"","_et_gb_content_width":"","_joinchat":[]},"product_cat":[27],"product_tag":[],"_links":{"self":[{"href":"https:\/\/www.pafensol.com\/web\/wp-json\/wp\/v2\/product\/234207"}],"collection":[{"href":"https:\/\/www.pafensol.com\/web\/wp-json\/wp\/v2\/product"}],"about":[{"href":"https:\/\/www.pafensol.com\/web\/wp-json\/wp\/v2\/types\/product"}],"wp:featuredmedia":[{"embeddable":true,"href":"https:\/\/www.pafensol.com\/web\/wp-json\/wp\/v2\/media\/234202"}],"wp:attachment":[{"href":"https:\/\/www.pafensol.com\/web\/wp-json\/wp\/v2\/media?parent=234207"}],"wp:term":[{"taxonomy":"product_cat","embeddable":true,"href":"https:\/\/www.pafensol.com\/web\/wp-json\/wp\/v2\/product_cat?post=234207"},{"taxonomy":"product_tag","embeddable":true,"href":"https:\/\/www.pafensol.com\/web\/wp-json\/wp\/v2\/product_tag?post=234207"}],"curies":[{"name":"wp","href":"https:\/\/api.w.org\/{rel}","templated":true}]}}