{"id":234295,"date":"2023-04-03T12:54:44","date_gmt":"2023-04-03T17:54:44","guid":{"rendered":"https:\/\/www.pafensol.com\/web\/producto\/mini-bomba-gp-01-gw-negro\/"},"modified":"2023-12-22T15:12:03","modified_gmt":"2023-12-22T20:12:03","slug":"mini-bomba-gp-01-gw-negro","status":"publish","type":"product","link":"https:\/\/www.pafensol.com\/web\/producto\/mini-bomba-gp-01-gw-negro\/","title":{"rendered":"Mini Bomba Gp-01 Gw Negro"},"content":{"rendered":"<p>Mini Bomba Gp-01 Gw Negro, dise\u00f1o compacto y altamente eficiente de bombeo de dos barriles dme hasta 120 PSI, f\u00e1cil de usar la palanca de bloqueo cambia entre ajustes de alta y baja presi\u00f3n se adapta a v\u00e1lvula presta tambi\u00e9n incluye soporte de montaje lateral que ahorra espacio. F\u00e1cil de usar, la palanca de bloqueo cambia entre ajustes de alta y baja presi\u00f3n, se adapta a v\u00e1lvulas presta y schrader.<\/p>\n","protected":false},"excerpt":{"rendered":"<p>Mini Bomba Gp-01 Gw Negro, dise\u00f1o compacto y altamente eficiente de bombeo de dos barriles dme hasta 120 PSI, f\u00e1cil de usar la palanca de bloqueo cambia entre ajustes de alta y baja presi\u00f3n se adapta a v\u00e1lvula presta tambi\u00e9n incluye soporte de montaje lateral que ahorra espacio. F\u00e1cil de usar, la palanca de bloqueo [&hellip;]<\/p>\n","protected":false},"featured_media":234294,"template":"","meta":{"_et_pb_use_builder":"","_et_pb_old_content":"","_et_gb_content_width":"","_joinchat":[]},"product_cat":[27],"product_tag":[],"_links":{"self":[{"href":"https:\/\/www.pafensol.com\/web\/wp-json\/wp\/v2\/product\/234295"}],"collection":[{"href":"https:\/\/www.pafensol.com\/web\/wp-json\/wp\/v2\/product"}],"about":[{"href":"https:\/\/www.pafensol.com\/web\/wp-json\/wp\/v2\/types\/product"}],"wp:featuredmedia":[{"embeddable":true,"href":"https:\/\/www.pafensol.com\/web\/wp-json\/wp\/v2\/media\/234294"}],"wp:attachment":[{"href":"https:\/\/www.pafensol.com\/web\/wp-json\/wp\/v2\/media?parent=234295"}],"wp:term":[{"taxonomy":"product_cat","embeddable":true,"href":"https:\/\/www.pafensol.com\/web\/wp-json\/wp\/v2\/product_cat?post=234295"},{"taxonomy":"product_tag","embeddable":true,"href":"https:\/\/www.pafensol.com\/web\/wp-json\/wp\/v2\/product_tag?post=234295"}],"curies":[{"name":"wp","href":"https:\/\/api.w.org\/{rel}","templated":true}]}}