{"id":234300,"date":"2023-04-03T12:54:53","date_gmt":"2023-04-03T17:54:53","guid":{"rendered":"https:\/\/www.pafensol.com\/web\/producto\/mini-bomba-m21-02-gw\/"},"modified":"2024-01-05T20:20:48","modified_gmt":"2024-01-06T01:20:48","slug":"mini-bomba-m21-02-gw","status":"publish","type":"product","link":"https:\/\/www.pafensol.com\/web\/producto\/mini-bomba-m21-02-gw\/","title":{"rendered":"Mini Bomba M21-02 Gw"},"content":{"rendered":"<p>MINI BOMBA M21-02 GW<br \/>\nLa mini bomba portable GW cuenta con un dise\u00f1o avanzado, ligero y compacto, tiene barril compuesto, una palanca para bloqueo del pulgar y maneja una presi\u00f3n m\u00e1xima de 88 b<\/p>\n","protected":false},"excerpt":{"rendered":"<ul>\n<li> -La mini bomba portable GW cuenta con un dise\u00f1o avanzado <\/li>\n<li> -Ligero y compacto <\/li>\n<li> &#8211; Tiene barril compuesto <\/li>\n<\/ul>\n","protected":false},"featured_media":234296,"template":"","meta":{"_et_pb_use_builder":"","_et_pb_old_content":"","_et_gb_content_width":"","_joinchat":[]},"product_cat":[27],"product_tag":[],"_links":{"self":[{"href":"https:\/\/www.pafensol.com\/web\/wp-json\/wp\/v2\/product\/234300"}],"collection":[{"href":"https:\/\/www.pafensol.com\/web\/wp-json\/wp\/v2\/product"}],"about":[{"href":"https:\/\/www.pafensol.com\/web\/wp-json\/wp\/v2\/types\/product"}],"wp:featuredmedia":[{"embeddable":true,"href":"https:\/\/www.pafensol.com\/web\/wp-json\/wp\/v2\/media\/234296"}],"wp:attachment":[{"href":"https:\/\/www.pafensol.com\/web\/wp-json\/wp\/v2\/media?parent=234300"}],"wp:term":[{"taxonomy":"product_cat","embeddable":true,"href":"https:\/\/www.pafensol.com\/web\/wp-json\/wp\/v2\/product_cat?post=234300"},{"taxonomy":"product_tag","embeddable":true,"href":"https:\/\/www.pafensol.com\/web\/wp-json\/wp\/v2\/product_tag?post=234300"}],"curies":[{"name":"wp","href":"https:\/\/api.w.org\/{rel}","templated":true}]}}