{"id":234371,"date":"2023-04-14T07:50:00","date_gmt":"2023-04-14T12:50:00","guid":{"rendered":"https:\/\/www.pafensol.com\/web\/producto\/triciclos-gw-jk-a28-xg19119-fucsia\/"},"modified":"2023-12-21T09:39:19","modified_gmt":"2023-12-21T14:39:19","slug":"triciclos-gw-jk-a28-xg19119-fucsia","status":"publish","type":"product","link":"https:\/\/www.pafensol.com\/web\/producto\/triciclos-gw-jk-a28-xg19119-fucsia\/","title":{"rendered":"TRICICLOS GW JK-A28 XG19119 FUCSIA"},"content":{"rendered":"<p>TRICICLOS GW JK-A28 XG19119 FUCSIA<br \/>\n Triciclo con marco en acero, mangos en caucho, sillas ancha y c\u00f3moda en pasta de alta resistencia, guardabarro delantero, pedales en pasta, llantas en espuma de alta compresi\u00f3n que dan mayor agarre, recomendado para ni\u00f1os de 2 a 4 a\u00f1os de edad.<\/p>\n","protected":false},"excerpt":{"rendered":"<p>TRICICLOS GW JK-A28 XG19119 FUCSIA Triciclo con marco en acero, mangos en caucho, sillas ancha y c\u00f3moda en pasta de alta resistencia, guardabarro delantero, pedales en pasta, llantas en espuma de alta compresi\u00f3n que dan mayor agarre, recomendado para ni\u00f1os de 2 a 4 a\u00f1os de edad.<\/p>\n","protected":false},"featured_media":234368,"template":"","meta":{"_et_pb_use_builder":"","_et_pb_old_content":"","_et_gb_content_width":"","_joinchat":[]},"product_cat":[27],"product_tag":[],"_links":{"self":[{"href":"https:\/\/www.pafensol.com\/web\/wp-json\/wp\/v2\/product\/234371"}],"collection":[{"href":"https:\/\/www.pafensol.com\/web\/wp-json\/wp\/v2\/product"}],"about":[{"href":"https:\/\/www.pafensol.com\/web\/wp-json\/wp\/v2\/types\/product"}],"wp:featuredmedia":[{"embeddable":true,"href":"https:\/\/www.pafensol.com\/web\/wp-json\/wp\/v2\/media\/234368"}],"wp:attachment":[{"href":"https:\/\/www.pafensol.com\/web\/wp-json\/wp\/v2\/media?parent=234371"}],"wp:term":[{"taxonomy":"product_cat","embeddable":true,"href":"https:\/\/www.pafensol.com\/web\/wp-json\/wp\/v2\/product_cat?post=234371"},{"taxonomy":"product_tag","embeddable":true,"href":"https:\/\/www.pafensol.com\/web\/wp-json\/wp\/v2\/product_tag?post=234371"}],"curies":[{"name":"wp","href":"https:\/\/api.w.org\/{rel}","templated":true}]}}