{"id":234375,"date":"2023-04-14T08:06:29","date_gmt":"2023-04-14T13:06:29","guid":{"rendered":"https:\/\/www.pafensol.com\/web\/producto\/triciclos-gw-jk-a28-xg19119-rojo\/"},"modified":"2023-12-24T16:56:28","modified_gmt":"2023-12-24T21:56:28","slug":"triciclos-gw-jk-a28-xg19119-rojo","status":"publish","type":"product","link":"https:\/\/www.pafensol.com\/web\/producto\/triciclos-gw-jk-a28-xg19119-rojo\/","title":{"rendered":"TRICICLOS GW JK-A28 XG19119 ROJO"},"content":{"rendered":"<p>TRICICLOS GW JK-A28 XG19119 ROJO<br \/>\nTriciclo con marco en acero, mangos en caucho, sillas ancha y c\u00f3moda en pasta de alta resistencia, guardabarros delantero, pedales en pasta, llantas en espuma de alta compresi\u00f3n que dan mayor agarre, recomendado para ni\u00f1os de 2 a 4 a\u00f1os de edad.<\/p>\n","protected":false},"excerpt":{"rendered":"<ul>\n<li> -Mangos en caucho <\/li>\n<li> -Sillas ancha y c\u00f3moda en pasta de alta resistencia <\/li>\n<li> -Guardabarros delantero <\/li>\n<\/ul>\n","protected":false},"featured_media":234372,"template":"","meta":{"_et_pb_use_builder":"","_et_pb_old_content":"","_et_gb_content_width":"","_joinchat":[]},"product_cat":[27],"product_tag":[],"_links":{"self":[{"href":"https:\/\/www.pafensol.com\/web\/wp-json\/wp\/v2\/product\/234375"}],"collection":[{"href":"https:\/\/www.pafensol.com\/web\/wp-json\/wp\/v2\/product"}],"about":[{"href":"https:\/\/www.pafensol.com\/web\/wp-json\/wp\/v2\/types\/product"}],"wp:featuredmedia":[{"embeddable":true,"href":"https:\/\/www.pafensol.com\/web\/wp-json\/wp\/v2\/media\/234372"}],"wp:attachment":[{"href":"https:\/\/www.pafensol.com\/web\/wp-json\/wp\/v2\/media?parent=234375"}],"wp:term":[{"taxonomy":"product_cat","embeddable":true,"href":"https:\/\/www.pafensol.com\/web\/wp-json\/wp\/v2\/product_cat?post=234375"},{"taxonomy":"product_tag","embeddable":true,"href":"https:\/\/www.pafensol.com\/web\/wp-json\/wp\/v2\/product_tag?post=234375"}],"curies":[{"name":"wp","href":"https:\/\/api.w.org\/{rel}","templated":true}]}}