{"id":234412,"date":"2023-04-19T10:00:32","date_gmt":"2023-04-19T15:00:32","guid":{"rendered":"https:\/\/www.pafensol.com\/web\/producto\/vendaje-elastico-de-comprension-sport-fitness-rojo\/"},"modified":"2023-12-02T09:49:19","modified_gmt":"2023-12-02T14:49:19","slug":"vendaje-elastico-de-comprension-sport-fitness-rojo","status":"publish","type":"product","link":"https:\/\/www.pafensol.com\/web\/producto\/vendaje-elastico-de-comprension-sport-fitness-rojo\/","title":{"rendered":"Vendaje El\u00e1stico De Comprensi\u00f3n Sport Fitness Rojo"},"content":{"rendered":"<p>Vendaje el\u00e1stico de compresi\u00f3n para hombres y mujeres dise\u00f1ado para sentadillas y levantamiento de pesas. Te ofrece gran soporte y mayor estabilidad para las rodillas; fabricado con materiales de alta calidad\u00a0 para brindarte mayor durabilidad y comodidad, maneja una tela transpirable que da la sensaci\u00f3n de sentirse c\u00f3modo. Le ofrece protecci\u00f3n y seguridad a la rodilla, excelente para el levantamiento de la potencia y te permite alzar\u00a0 mas peso, es lo suficientemente largo y f\u00e1cil de colocar y no se mover\u00e1 en absoluto.<\/p>\n","protected":false},"excerpt":{"rendered":"<p>Vendaje el\u00e1stico de compresi\u00f3n para hombres y mujeres dise\u00f1ado para sentadillas y levantamiento de pesas. Te ofrece gran soporte y mayor estabilidad para las rodillas; fabricado con materiales de alta calidad\u00a0 para brindarte mayor durabilidad y comodidad, maneja una tela transpirable que da la sensaci\u00f3n de sentirse c\u00f3modo. Le ofrece protecci\u00f3n y seguridad a la [&hellip;]<\/p>\n","protected":false},"featured_media":234410,"template":"","meta":{"_et_pb_use_builder":"","_et_pb_old_content":"","_et_gb_content_width":"","_joinchat":[]},"product_cat":[27],"product_tag":[],"_links":{"self":[{"href":"https:\/\/www.pafensol.com\/web\/wp-json\/wp\/v2\/product\/234412"}],"collection":[{"href":"https:\/\/www.pafensol.com\/web\/wp-json\/wp\/v2\/product"}],"about":[{"href":"https:\/\/www.pafensol.com\/web\/wp-json\/wp\/v2\/types\/product"}],"wp:featuredmedia":[{"embeddable":true,"href":"https:\/\/www.pafensol.com\/web\/wp-json\/wp\/v2\/media\/234410"}],"wp:attachment":[{"href":"https:\/\/www.pafensol.com\/web\/wp-json\/wp\/v2\/media?parent=234412"}],"wp:term":[{"taxonomy":"product_cat","embeddable":true,"href":"https:\/\/www.pafensol.com\/web\/wp-json\/wp\/v2\/product_cat?post=234412"},{"taxonomy":"product_tag","embeddable":true,"href":"https:\/\/www.pafensol.com\/web\/wp-json\/wp\/v2\/product_tag?post=234412"}],"curies":[{"name":"wp","href":"https:\/\/api.w.org\/{rel}","templated":true}]}}