{"id":234413,"date":"2023-04-19T10:00:33","date_gmt":"2023-04-19T15:00:33","guid":{"rendered":"https:\/\/www.pafensol.com\/web\/producto\/ab-mat-cojin-para-abdominales-sportiva-negro\/"},"modified":"2023-09-13T12:04:26","modified_gmt":"2023-09-13T17:04:26","slug":"ab-mat-cojin-para-abdominales-sportiva-negro","status":"publish","type":"product","link":"https:\/\/www.pafensol.com\/web\/producto\/ab-mat-cojin-para-abdominales-sportiva-negro\/","title":{"rendered":"AB-MAT Coj\u00edn Para Abdominales Sportiva Negro"},"content":{"rendered":"<p>Especial para ejercitar abdominales superiores e inferiores, oblicuos y m\u00fasculos bajos de la espalda. Dise\u00f1ado con un arco especial que permite una mejor posici\u00f3n para mayor confort.<br \/>\nEspuma de alta densidad que brinda un soporte perfecto. Arco especial que permite una mejor posici\u00f3n, efectividad y soporte. Proporciona una superficie antideslizante.<\/p>\n","protected":false},"excerpt":{"rendered":"<p>Especial para ejercitar abdominales superiores e inferiores, oblicuos y m\u00fasculos bajos de la espalda. Dise\u00f1ado con un arco especial que permite una mejor posici\u00f3n para mayor confort. Espuma de alta densidad que brinda un soporte perfecto. Arco especial que permite una mejor posici\u00f3n, efectividad y soporte. Proporciona una superficie antideslizante.<\/p>\n","protected":false},"featured_media":234411,"template":"","meta":{"_et_pb_use_builder":"","_et_pb_old_content":"","_et_gb_content_width":"","_joinchat":[]},"product_cat":[27],"product_tag":[],"_links":{"self":[{"href":"https:\/\/www.pafensol.com\/web\/wp-json\/wp\/v2\/product\/234413"}],"collection":[{"href":"https:\/\/www.pafensol.com\/web\/wp-json\/wp\/v2\/product"}],"about":[{"href":"https:\/\/www.pafensol.com\/web\/wp-json\/wp\/v2\/types\/product"}],"wp:featuredmedia":[{"embeddable":true,"href":"https:\/\/www.pafensol.com\/web\/wp-json\/wp\/v2\/media\/234411"}],"wp:attachment":[{"href":"https:\/\/www.pafensol.com\/web\/wp-json\/wp\/v2\/media?parent=234413"}],"wp:term":[{"taxonomy":"product_cat","embeddable":true,"href":"https:\/\/www.pafensol.com\/web\/wp-json\/wp\/v2\/product_cat?post=234413"},{"taxonomy":"product_tag","embeddable":true,"href":"https:\/\/www.pafensol.com\/web\/wp-json\/wp\/v2\/product_tag?post=234413"}],"curies":[{"name":"wp","href":"https:\/\/api.w.org\/{rel}","templated":true}]}}