{"id":234575,"date":"2023-04-22T00:00:26","date_gmt":"2023-04-22T05:00:26","guid":{"rendered":"https:\/\/www.pafensol.com\/web\/producto\/banda-elastica-resistencia-theraband-sport-fitness-azul\/"},"modified":"2023-09-13T12:04:27","modified_gmt":"2023-09-13T17:04:27","slug":"banda-elastica-resistencia-theraband-sport-fitness-azul","status":"publish","type":"product","link":"https:\/\/www.pafensol.com\/web\/producto\/banda-elastica-resistencia-theraband-sport-fitness-azul\/","title":{"rendered":"Banda Elastica Resistencia Theraband Sport fitness Azul"},"content":{"rendered":"<p>Banda el\u00e1stica de resistencia thera band para el trabajo de tonificaci\u00f3n. Desarrollo muscular en brazos y piernas. Las bandas de 2 m se cortan de rollos de Banda El\u00e1stica de 25 m marca Sportfitness.<\/p>\n","protected":false},"excerpt":{"rendered":"<ul>\n<li> -Trabajo de tonificaci\u00f3n <\/li>\n<li> -Las bandas de 2 m se cortan de rollos de Banda El\u00e1stica de 25 m marca Sportfitness. <\/li>\n<li> -Desarrollo muscular en brazos y piernas <\/li>\n<\/ul>\n","protected":false},"featured_media":234573,"template":"","meta":{"_et_pb_use_builder":"","_et_pb_old_content":"","_et_gb_content_width":"","_joinchat":[]},"product_cat":[27],"product_tag":[],"_links":{"self":[{"href":"https:\/\/www.pafensol.com\/web\/wp-json\/wp\/v2\/product\/234575"}],"collection":[{"href":"https:\/\/www.pafensol.com\/web\/wp-json\/wp\/v2\/product"}],"about":[{"href":"https:\/\/www.pafensol.com\/web\/wp-json\/wp\/v2\/types\/product"}],"wp:featuredmedia":[{"embeddable":true,"href":"https:\/\/www.pafensol.com\/web\/wp-json\/wp\/v2\/media\/234573"}],"wp:attachment":[{"href":"https:\/\/www.pafensol.com\/web\/wp-json\/wp\/v2\/media?parent=234575"}],"wp:term":[{"taxonomy":"product_cat","embeddable":true,"href":"https:\/\/www.pafensol.com\/web\/wp-json\/wp\/v2\/product_cat?post=234575"},{"taxonomy":"product_tag","embeddable":true,"href":"https:\/\/www.pafensol.com\/web\/wp-json\/wp\/v2\/product_tag?post=234575"}],"curies":[{"name":"wp","href":"https:\/\/api.w.org\/{rel}","templated":true}]}}