{"id":234612,"date":"2023-04-24T19:15:03","date_gmt":"2023-04-25T00:15:03","guid":{"rendered":"https:\/\/www.pafensol.com\/web\/producto\/superficie-inestable-fortalece-t-inferior-sport-fitness-negro\/"},"modified":"2023-10-15T12:16:09","modified_gmt":"2023-10-15T17:16:09","slug":"superficie-inestable-fortalece-t-inferior-sport-fitness-negro","status":"publish","type":"product","link":"https:\/\/www.pafensol.com\/web\/producto\/superficie-inestable-fortalece-t-inferior-sport-fitness-negro\/","title":{"rendered":"Superficie Inestable Fortalece T-Inferior Sport Fitness Negro"},"content":{"rendered":"<p>La Superficie Inestable Fortalece Tren Inferior de Sport Fitness te pone en forma. Esto se debe a que al utilizarlo vuelve los ejercicios m\u00e1s dif\u00edciles y por ende hay un mayor gasto cal\u00f3rico. Esto quiere decir que disminuye la grasa corporal. Su mayor beneficio est\u00e1 en el fortalecimiento del tren inferior. Sin embargo, permite trabajar todo el cuerpo.<br \/>\nEsta superficie inestable tiene una tabla de equilibrio recuerda siempre revisar que el implemento est\u00e9 bien inflado antes de utilizarlo.<\/p>\n","protected":false},"excerpt":{"rendered":"<ul>\n<li> &#8211; La medida de esta Superficie de Sport Fitness es de 40 x 8,5 de di\u00e1metro <\/li>\n<li> &#8211; Es muy f\u00e1cil de transportar <\/li>\n<li> &#8211; Uso: dom\u00e9stico <\/li>\n<\/ul>\n","protected":false},"featured_media":234611,"template":"","meta":{"_et_pb_use_builder":"","_et_pb_old_content":"","_et_gb_content_width":"","_joinchat":[]},"product_cat":[27],"product_tag":[],"_links":{"self":[{"href":"https:\/\/www.pafensol.com\/web\/wp-json\/wp\/v2\/product\/234612"}],"collection":[{"href":"https:\/\/www.pafensol.com\/web\/wp-json\/wp\/v2\/product"}],"about":[{"href":"https:\/\/www.pafensol.com\/web\/wp-json\/wp\/v2\/types\/product"}],"wp:featuredmedia":[{"embeddable":true,"href":"https:\/\/www.pafensol.com\/web\/wp-json\/wp\/v2\/media\/234611"}],"wp:attachment":[{"href":"https:\/\/www.pafensol.com\/web\/wp-json\/wp\/v2\/media?parent=234612"}],"wp:term":[{"taxonomy":"product_cat","embeddable":true,"href":"https:\/\/www.pafensol.com\/web\/wp-json\/wp\/v2\/product_cat?post=234612"},{"taxonomy":"product_tag","embeddable":true,"href":"https:\/\/www.pafensol.com\/web\/wp-json\/wp\/v2\/product_tag?post=234612"}],"curies":[{"name":"wp","href":"https:\/\/api.w.org\/{rel}","templated":true}]}}