{"id":234614,"date":"2023-04-24T19:20:33","date_gmt":"2023-04-25T00:20:33","guid":{"rendered":"https:\/\/www.pafensol.com\/web\/producto\/step-aerobicos-klb-sport-negro\/"},"modified":"2023-09-12T09:57:15","modified_gmt":"2023-09-12T14:57:15","slug":"step-aerobicos-klb-sport-negro","status":"publish","type":"product","link":"https:\/\/www.pafensol.com\/web\/producto\/step-aerobicos-klb-sport-negro\/","title":{"rendered":"Step Aer\u00f3bicos KLB Sport Negro"},"content":{"rendered":"<p>Este es un ejercicio para mejorar tu resistencia cardiovascular y fortalecer la parte inferior del cuerpo la superficie segura, antideslizante puede garantizar que la actividad deportiva sea segura y que se establezca una base de apoyo firme para aumentar su resistencia y habilidades.<br \/>\nse puede utilizar el escal\u00f3n aer\u00f3bico para dar forma a los m\u00fasculos isquiotibiales con estocadas alternas y fortalecer el m\u00fasculo del pecho y la espalda haciendo flexiones acerca de este escal\u00f3n es ideal para el ejercicio en interiores y exteriores, y es f\u00e1cil de mantener y limpiar sobre klb sport: klb sport ha sido utilizado como objetivo para la fabricaci\u00f3n de productos creativos y de alta calidad.<\/p>\n","protected":false},"excerpt":{"rendered":"<ul>\n<li> &#8211; Alturas ajustables de 4 a 6 pulgadas <\/li>\n<li> &#8211; Material polipropileno y abs <\/li>\n<li> &#8211; Peso neto bruto 28 73 libras <\/li>\n<\/ul>\n","protected":false},"featured_media":234613,"template":"","meta":{"_et_pb_use_builder":"","_et_pb_old_content":"","_et_gb_content_width":"","_joinchat":[]},"product_cat":[27],"product_tag":[],"_links":{"self":[{"href":"https:\/\/www.pafensol.com\/web\/wp-json\/wp\/v2\/product\/234614"}],"collection":[{"href":"https:\/\/www.pafensol.com\/web\/wp-json\/wp\/v2\/product"}],"about":[{"href":"https:\/\/www.pafensol.com\/web\/wp-json\/wp\/v2\/types\/product"}],"wp:featuredmedia":[{"embeddable":true,"href":"https:\/\/www.pafensol.com\/web\/wp-json\/wp\/v2\/media\/234613"}],"wp:attachment":[{"href":"https:\/\/www.pafensol.com\/web\/wp-json\/wp\/v2\/media?parent=234614"}],"wp:term":[{"taxonomy":"product_cat","embeddable":true,"href":"https:\/\/www.pafensol.com\/web\/wp-json\/wp\/v2\/product_cat?post=234614"},{"taxonomy":"product_tag","embeddable":true,"href":"https:\/\/www.pafensol.com\/web\/wp-json\/wp\/v2\/product_tag?post=234614"}],"curies":[{"name":"wp","href":"https:\/\/api.w.org\/{rel}","templated":true}]}}