{"id":234617,"date":"2023-04-24T19:24:58","date_gmt":"2023-04-25T00:24:58","guid":{"rendered":"https:\/\/www.pafensol.com\/web\/producto\/soporte-de-entrenamiento-tranzx-rojo\/"},"modified":"2023-09-13T11:53:15","modified_gmt":"2023-09-13T16:53:15","slug":"soporte-de-entrenamiento-tranzx-rojo","status":"publish","type":"product","link":"https:\/\/www.pafensol.com\/web\/producto\/soporte-de-entrenamiento-tranzx-rojo\/","title":{"rendered":"Soporte De Entrenamiento Tranzx Rojo"},"content":{"rendered":"<p>Simulador de entrenamiento en casa o Rodillo para Bicicleta TRANZX, universal para Bicicletas con ruedas 26, 27.5, 700 y 29(con llanta 700cc).<br \/>\nResistencia magn\u00e9tica suave y silenciosa su rendimiento alto a bajo costo ideal para bicicletas de Ruta y MTB, tama\u00f1o de ruedas compatibles: 26, 27.5, 700cc y 29 (esta \u00faltima con llanta 700CC). Puntilla universal incluida.<\/p>\n","protected":false},"excerpt":{"rendered":"<p>Simulador de entrenamiento en casa o Rodillo para Bicicleta TRANZX, universal para Bicicletas con ruedas 26, 27.5, 700 y 29(con llanta 700cc). Resistencia magn\u00e9tica suave y silenciosa su rendimiento alto a bajo costo ideal para bicicletas de Ruta y MTB, tama\u00f1o de ruedas compatibles: 26, 27.5, 700cc y 29 (esta \u00faltima con llanta 700CC). Puntilla [&hellip;]<\/p>\n","protected":false},"featured_media":234615,"template":"","meta":{"_et_pb_use_builder":"","_et_pb_old_content":"","_et_gb_content_width":"","_joinchat":[]},"product_cat":[27],"product_tag":[],"_links":{"self":[{"href":"https:\/\/www.pafensol.com\/web\/wp-json\/wp\/v2\/product\/234617"}],"collection":[{"href":"https:\/\/www.pafensol.com\/web\/wp-json\/wp\/v2\/product"}],"about":[{"href":"https:\/\/www.pafensol.com\/web\/wp-json\/wp\/v2\/types\/product"}],"wp:featuredmedia":[{"embeddable":true,"href":"https:\/\/www.pafensol.com\/web\/wp-json\/wp\/v2\/media\/234615"}],"wp:attachment":[{"href":"https:\/\/www.pafensol.com\/web\/wp-json\/wp\/v2\/media?parent=234617"}],"wp:term":[{"taxonomy":"product_cat","embeddable":true,"href":"https:\/\/www.pafensol.com\/web\/wp-json\/wp\/v2\/product_cat?post=234617"},{"taxonomy":"product_tag","embeddable":true,"href":"https:\/\/www.pafensol.com\/web\/wp-json\/wp\/v2\/product_tag?post=234617"}],"curies":[{"name":"wp","href":"https:\/\/api.w.org\/{rel}","templated":true}]}}