{"id":234618,"date":"2023-04-24T19:24:59","date_gmt":"2023-04-25T00:24:59","guid":{"rendered":"https:\/\/www.pafensol.com\/web\/producto\/soporte-de-entrenamiento-tranzx-negro\/"},"modified":"2023-09-13T12:00:53","modified_gmt":"2023-09-13T17:00:53","slug":"soporte-de-entrenamiento-tranzx-negro","status":"publish","type":"product","link":"https:\/\/www.pafensol.com\/web\/producto\/soporte-de-entrenamiento-tranzx-negro\/","title":{"rendered":"Soporte De Entrenamiento Tranzx Negro"},"content":{"rendered":"<p>El soporte de entrenamiento JD-118 Tranzx ofrece una relaci\u00f3n excelente entre calidad y precio para quienes buscan un soporte de entrenamiento port\u00e1til y ligero que sea ideal para ientrenar o calentar. Resistencia magn\u00e9tica ajustable a control remoto.<br \/>\nEl Soporte de Entrenamiento JD-118 Tranz x ofrece una relaci\u00f3n excelente entre calidad y precio para quienes buscan un soporte de entrenamiento port\u00e1til y ligero que sea ideal para entrenar o calentar.<\/p>\n","protected":false},"excerpt":{"rendered":"<ul>\n<li> &#8211; Bloqueo delantero con estructura de aluminio <\/li>\n<li> &#8211; Rodillo forrado en poliuretano \u00a0 <\/li>\n<li> &#8211; Uso: dom\u00e9stico <\/li>\n<\/ul>\n","protected":false},"featured_media":234616,"template":"","meta":{"_et_pb_use_builder":"","_et_pb_old_content":"","_et_gb_content_width":"","_joinchat":[]},"product_cat":[27],"product_tag":[],"_links":{"self":[{"href":"https:\/\/www.pafensol.com\/web\/wp-json\/wp\/v2\/product\/234618"}],"collection":[{"href":"https:\/\/www.pafensol.com\/web\/wp-json\/wp\/v2\/product"}],"about":[{"href":"https:\/\/www.pafensol.com\/web\/wp-json\/wp\/v2\/types\/product"}],"wp:featuredmedia":[{"embeddable":true,"href":"https:\/\/www.pafensol.com\/web\/wp-json\/wp\/v2\/media\/234616"}],"wp:attachment":[{"href":"https:\/\/www.pafensol.com\/web\/wp-json\/wp\/v2\/media?parent=234618"}],"wp:term":[{"taxonomy":"product_cat","embeddable":true,"href":"https:\/\/www.pafensol.com\/web\/wp-json\/wp\/v2\/product_cat?post=234618"},{"taxonomy":"product_tag","embeddable":true,"href":"https:\/\/www.pafensol.com\/web\/wp-json\/wp\/v2\/product_tag?post=234618"}],"curies":[{"name":"wp","href":"https:\/\/api.w.org\/{rel}","templated":true}]}}