{"id":234685,"date":"2023-05-05T17:49:00","date_gmt":"2023-05-05T22:49:00","guid":{"rendered":"https:\/\/www.pafensol.com\/web\/producto\/marco-700-aluminio-gw-ventoux-y-tenedor-aluminio\/"},"modified":"2023-05-05T17:49:00","modified_gmt":"2023-05-05T22:49:00","slug":"marco-700-aluminio-gw-ventoux-y-tenedor-aluminio","status":"publish","type":"product","link":"https:\/\/www.pafensol.com\/web\/producto\/marco-700-aluminio-gw-ventoux-y-tenedor-aluminio\/","title":{"rendered":"Marco 700 Aluminio Gw Ventoux Y Tenedor Aluminio"},"content":{"rendered":"<p>Marco 700 Aluminio Gw Ventoux Y Tenedor Aluminio<br \/>\nMaterial aluminio serie 6 de \u00faltima generaci\u00f3n, cableado interno, frente oversize, centro caja peque\u00f1a, para sistema de freno de herradura, para ca\u00f1a 31.6 y abrazadera 34.9 mm, talla 49 (M), incluye las gu\u00edas de cableado interno, incluye tenedor en aluminio, u\u00f1a en aluminio.<\/p>\n","protected":false},"excerpt":{"rendered":"<ul>\n<li> -Material aluminio serie 6 de \u00faltima generaci\u00f3n <\/li>\n<li> &#8211; Incluye las gu\u00edas de cableado interno <\/li>\n<li> -Incluye tenedor en aluminio <\/li>\n<\/ul>\n","protected":false},"featured_media":234671,"template":"","meta":{"_et_pb_use_builder":"","_et_pb_old_content":"","_et_gb_content_width":"","_joinchat":[]},"product_cat":[27],"product_tag":[],"_links":{"self":[{"href":"https:\/\/www.pafensol.com\/web\/wp-json\/wp\/v2\/product\/234685"}],"collection":[{"href":"https:\/\/www.pafensol.com\/web\/wp-json\/wp\/v2\/product"}],"about":[{"href":"https:\/\/www.pafensol.com\/web\/wp-json\/wp\/v2\/types\/product"}],"wp:featuredmedia":[{"embeddable":true,"href":"https:\/\/www.pafensol.com\/web\/wp-json\/wp\/v2\/media\/234671"}],"wp:attachment":[{"href":"https:\/\/www.pafensol.com\/web\/wp-json\/wp\/v2\/media?parent=234685"}],"wp:term":[{"taxonomy":"product_cat","embeddable":true,"href":"https:\/\/www.pafensol.com\/web\/wp-json\/wp\/v2\/product_cat?post=234685"},{"taxonomy":"product_tag","embeddable":true,"href":"https:\/\/www.pafensol.com\/web\/wp-json\/wp\/v2\/product_tag?post=234685"}],"curies":[{"name":"wp","href":"https:\/\/api.w.org\/{rel}","templated":true}]}}