{"id":234912,"date":"2023-07-24T08:55:06","date_gmt":"2023-07-24T13:55:06","guid":{"rendered":"https:\/\/www.pafensol.com\/web\/producto\/motocicleta-de-bateria-bbj-azul\/"},"modified":"2023-12-21T09:36:28","modified_gmt":"2023-12-21T14:36:28","slug":"motocicleta-de-bateria-bbj-azul","status":"publish","type":"product","link":"https:\/\/www.pafensol.com\/web\/producto\/motocicleta-de-bateria-bbj-azul\/","title":{"rendered":"MOTOCICLETA DE BATERIA BBJ AZUL"},"content":{"rendered":"<p>Moto el\u00e9ctrica para ni\u00f1os, con ruedas centrales de apoyo, tacos para apoyar los pies, suspensi\u00f3n trasera, luz led delantera, bot\u00f3n pulsador de avance en el manilar derecho, bot\u00f3n de encendido y apagado, tablero con puerto de carga, ranura para tarjetas SD y USB, puerto para cable auxiliar e indicador de carga, sonidos integrados. Un motor en la llanta trasera funciona con una bater\u00eda recargable de 6V 4A, cargador incluido.<\/p>\n","protected":false},"excerpt":{"rendered":"<p>Moto el\u00e9ctrica para ni\u00f1os, con ruedas centrales de apoyo, tacos para apoyar los pies, suspensi\u00f3n trasera, luz led delantera, bot\u00f3n pulsador de avance en el manilar derecho, bot\u00f3n de encendido y apagado, tablero con puerto de carga, ranura para tarjetas SD y USB, puerto para cable auxiliar e indicador de carga, sonidos integrados. Un motor [&hellip;]<\/p>\n","protected":false},"featured_media":234908,"template":"","meta":{"_et_pb_use_builder":"","_et_pb_old_content":"","_et_gb_content_width":"","_joinchat":[]},"product_cat":[27],"product_tag":[],"_links":{"self":[{"href":"https:\/\/www.pafensol.com\/web\/wp-json\/wp\/v2\/product\/234912"}],"collection":[{"href":"https:\/\/www.pafensol.com\/web\/wp-json\/wp\/v2\/product"}],"about":[{"href":"https:\/\/www.pafensol.com\/web\/wp-json\/wp\/v2\/types\/product"}],"wp:featuredmedia":[{"embeddable":true,"href":"https:\/\/www.pafensol.com\/web\/wp-json\/wp\/v2\/media\/234908"}],"wp:attachment":[{"href":"https:\/\/www.pafensol.com\/web\/wp-json\/wp\/v2\/media?parent=234912"}],"wp:term":[{"taxonomy":"product_cat","embeddable":true,"href":"https:\/\/www.pafensol.com\/web\/wp-json\/wp\/v2\/product_cat?post=234912"},{"taxonomy":"product_tag","embeddable":true,"href":"https:\/\/www.pafensol.com\/web\/wp-json\/wp\/v2\/product_tag?post=234912"}],"curies":[{"name":"wp","href":"https:\/\/api.w.org\/{rel}","templated":true}]}}