{"id":234951,"date":"2023-08-01T11:25:24","date_gmt":"2023-08-01T16:25:24","guid":{"rendered":"https:\/\/www.pafensol.com\/web\/producto\/patin-recreativo-gw-belloni-plus-morado-35-38\/"},"modified":"2023-11-24T11:42:27","modified_gmt":"2023-11-24T16:42:27","slug":"patin-recreativo-gw-belloni-plus-morado-35-38","status":"publish","type":"product","link":"https:\/\/www.pafensol.com\/web\/producto\/patin-recreativo-gw-belloni-plus-morado-35-38\/","title":{"rendered":"PATIN RECREATIVO GW BELLONI PLUS MORADO 35-38"},"content":{"rendered":"<p>Patines en l\u00ednea de uso, recreativo e iniciaci\u00f3n, bota en pasta pvc de alta resistencia, acolchado interior. Chas\u00eds en aluminio, ruedas en poliuretano de alta calidad y rebote, bot\u00f3n de ajuste para 4 tallas, bucles de seguridad ajustables. El sistema de ajuste por tallas permite prolongar su uso con el crecimiento del usuario. Cuentan con cuatro ruedas de 90MM. Chasis tipo profesional que permite usarlo con tres ruedas de 100MM, Se sugiere seleccionar 2 tallas m\u00e1s de las que usa en calzado normal.<\/p>\n","protected":false},"excerpt":{"rendered":"<p>Patines en l\u00ednea de uso, recreativo e iniciaci\u00f3n, bota en pasta pvc de alta resistencia, acolchado interior. Chas\u00eds en aluminio, ruedas en poliuretano de alta calidad y rebote, bot\u00f3n de ajuste para 4 tallas, bucles de seguridad ajustables. El sistema de ajuste por tallas permite prolongar su uso con el crecimiento del usuario. Cuentan con [&hellip;]<\/p>\n","protected":false},"featured_media":234948,"template":"","meta":{"_et_pb_use_builder":"","_et_pb_old_content":"","_et_gb_content_width":"","_joinchat":[]},"product_cat":[27],"product_tag":[],"_links":{"self":[{"href":"https:\/\/www.pafensol.com\/web\/wp-json\/wp\/v2\/product\/234951"}],"collection":[{"href":"https:\/\/www.pafensol.com\/web\/wp-json\/wp\/v2\/product"}],"about":[{"href":"https:\/\/www.pafensol.com\/web\/wp-json\/wp\/v2\/types\/product"}],"wp:featuredmedia":[{"embeddable":true,"href":"https:\/\/www.pafensol.com\/web\/wp-json\/wp\/v2\/media\/234948"}],"wp:attachment":[{"href":"https:\/\/www.pafensol.com\/web\/wp-json\/wp\/v2\/media?parent=234951"}],"wp:term":[{"taxonomy":"product_cat","embeddable":true,"href":"https:\/\/www.pafensol.com\/web\/wp-json\/wp\/v2\/product_cat?post=234951"},{"taxonomy":"product_tag","embeddable":true,"href":"https:\/\/www.pafensol.com\/web\/wp-json\/wp\/v2\/product_tag?post=234951"}],"curies":[{"name":"wp","href":"https:\/\/api.w.org\/{rel}","templated":true}]}}