{"id":234972,"date":"2023-08-02T15:18:51","date_gmt":"2023-08-02T20:18:51","guid":{"rendered":"https:\/\/www.pafensol.com\/web\/producto\/patin-recreativo-gw-belloni-plus-negro-27-30\/"},"modified":"2023-09-13T11:56:47","modified_gmt":"2023-09-13T16:56:47","slug":"patin-recreativo-gw-belloni-plus-negro-27-30","status":"publish","type":"product","link":"https:\/\/www.pafensol.com\/web\/producto\/patin-recreativo-gw-belloni-plus-negro-27-30\/","title":{"rendered":"PATIN RECREATIVO GW BELLONI PLUS NEGRO 27-30"},"content":{"rendered":"<p>Patines en l\u00ednea de uso, recreativo e iniciaci\u00f3n, bota en pasta pvc de alta resistencia, acolchado interior. Chas\u00eds en aluminio, ruedas en poliuretano de alta calidad y rebote, bot\u00f3n de ajuste para 4 tallas, bucles de seguridad ajustables. El sistema de ajuste por tallas permite prolongar su uso con el crecimiento del usuario. Cuentan con tres ruedas de 80MM. Chasis tipo profesional que permite usarlo con cuatro ruedas de 72MM, Se sugiere seleccionar 2 tallas m\u00e1s de las que usa en calzado normal.<\/p>\n","protected":false},"excerpt":{"rendered":"<ul>\n<li> Cuentan con tres ruedas de 80MM.  <\/li>\n<li> Chasis tipo profesional que permite usarlo con cuatro ruedas de 72MM <\/li>\n<li> Se sugiere seleccionar 2 tallas m\u00e1s de las que usa en calzado normal. <\/li>\n<\/ul>\n","protected":false},"featured_media":234969,"template":"","meta":{"_et_pb_use_builder":"","_et_pb_old_content":"","_et_gb_content_width":"","_joinchat":[]},"product_cat":[27],"product_tag":[],"_links":{"self":[{"href":"https:\/\/www.pafensol.com\/web\/wp-json\/wp\/v2\/product\/234972"}],"collection":[{"href":"https:\/\/www.pafensol.com\/web\/wp-json\/wp\/v2\/product"}],"about":[{"href":"https:\/\/www.pafensol.com\/web\/wp-json\/wp\/v2\/types\/product"}],"wp:featuredmedia":[{"embeddable":true,"href":"https:\/\/www.pafensol.com\/web\/wp-json\/wp\/v2\/media\/234969"}],"wp:attachment":[{"href":"https:\/\/www.pafensol.com\/web\/wp-json\/wp\/v2\/media?parent=234972"}],"wp:term":[{"taxonomy":"product_cat","embeddable":true,"href":"https:\/\/www.pafensol.com\/web\/wp-json\/wp\/v2\/product_cat?post=234972"},{"taxonomy":"product_tag","embeddable":true,"href":"https:\/\/www.pafensol.com\/web\/wp-json\/wp\/v2\/product_tag?post=234972"}],"curies":[{"name":"wp","href":"https:\/\/api.w.org\/{rel}","templated":true}]}}