{"id":235216,"date":"2023-12-05T11:33:12","date_gmt":"2023-12-05T16:33:12","guid":{"rendered":"https:\/\/www.pafensol.com\/web\/producto\/paseador-mega-car-policia-ebaby-usb-blanco\/"},"modified":"2023-12-15T11:40:26","modified_gmt":"2023-12-15T16:40:26","slug":"paseador-mega-car-policia-ebaby-usb-blanco","status":"publish","type":"product","link":"https:\/\/www.pafensol.com\/web\/producto\/paseador-mega-car-policia-ebaby-usb-blanco\/","title":{"rendered":"PASEADOR MEGA CAR POLICIA EBABY USB BLANCO"},"content":{"rendered":"<p>carro montable, luces y sonidos, puertos USB y auxiliar, bodega debajo de la silla, reposapies, brazos de seguridad, palanca para empujar, parasol, direcci\u00f3n funcional, se puede retirar los brazos de seguridad, la palanca de empujar, el parasol y los reposapies para que el ni\u00f1o se impulse por s\u00ed solo con los pies.<\/p>\n","protected":false},"excerpt":{"rendered":"<ul>\n<li> Edad recomendada de 1 a 2 a\u00f1os <\/li>\n<li> sonidos <\/li>\n<li> puertos USB <\/li>\n<\/ul>\n","protected":false},"featured_media":235212,"template":"","meta":{"_et_pb_use_builder":"","_et_pb_old_content":"","_et_gb_content_width":"","_joinchat":[]},"product_cat":[31],"product_tag":[],"_links":{"self":[{"href":"https:\/\/www.pafensol.com\/web\/wp-json\/wp\/v2\/product\/235216"}],"collection":[{"href":"https:\/\/www.pafensol.com\/web\/wp-json\/wp\/v2\/product"}],"about":[{"href":"https:\/\/www.pafensol.com\/web\/wp-json\/wp\/v2\/types\/product"}],"wp:featuredmedia":[{"embeddable":true,"href":"https:\/\/www.pafensol.com\/web\/wp-json\/wp\/v2\/media\/235212"}],"wp:attachment":[{"href":"https:\/\/www.pafensol.com\/web\/wp-json\/wp\/v2\/media?parent=235216"}],"wp:term":[{"taxonomy":"product_cat","embeddable":true,"href":"https:\/\/www.pafensol.com\/web\/wp-json\/wp\/v2\/product_cat?post=235216"},{"taxonomy":"product_tag","embeddable":true,"href":"https:\/\/www.pafensol.com\/web\/wp-json\/wp\/v2\/product_tag?post=235216"}],"curies":[{"name":"wp","href":"https:\/\/api.w.org\/{rel}","templated":true}]}}