{"id":30,"date":"2020-09-17T12:38:03","date_gmt":"2020-09-17T17:38:03","guid":{"rendered":"https:\/\/www.pafensol.com\/web\/?post_type=product&#038;p=30"},"modified":"2022-12-07T09:44:43","modified_gmt":"2022-12-07T14:44:43","slug":"microsoft-365-familia-licencia-de-suscripcion-1-ano","status":"publish","type":"product","link":"https:\/\/www.pafensol.com\/web\/producto\/microsoft-365-familia-licencia-de-suscripcion-1-ano\/","title":{"rendered":"Microsoft 365 Familia &#8211; Licencia de suscripci\u00f3n (1 a\u00f1o)"},"content":{"rendered":"<p>Una pr\u00e1ctica suscripci\u00f3n para hasta 6 personas. Incluye aplicaciones premium de Office, hasta 6 TB de almacenamiento en la nube (1 TB por persona) y seguridad avanzada para todos tus dispositivos.<\/p>\n<p>Con Microsoft 365 Familia, t\u00fa y las personas con las que lo compartes podr\u00e9is:<\/p>\n<p>\u2022 Acceder a funcionalidades de asistencia inteligente, adem\u00e1s de centenares de plantillas, fotos, iconos y fuentes premium en Word, Excel y PowerPoint<br \/>\n\u2022 Guardar y compartir archivos y fotos en todos los dispositivos con OneDrive<br \/>\n\u2022 Disfrutar de protecci\u00f3n de seguridad avanzada en OneDrive y Outlook<br \/>\n\u2022 Establecer alertas de ubicaci\u00f3n en la aplicaci\u00f3n m\u00f3vil Microsoft Family Safety*<br \/>\n\u2022 Cada persona puede usar la suscripci\u00f3n hasta en 5 dispositivos a la vez<br \/>\n\u2022 Ponerse en contacto con el Soporte t\u00e9cnico a trav\u00e9s de chat o tel\u00e9fono sin coste adicional durante todo el periodo de suscripci\u00f3n<\/p>\n","protected":false},"excerpt":{"rendered":"<p>&nbsp;<\/p>\n<ul>\n<li><span data-ccp-props=\"{&quot;201341983&quot;:0,&quot;335559739&quot;:160,&quot;335559740&quot;:240}\">6 personas pueden usar la subscripci\u00f3n.<\/span><\/li>\n<li><span data-ccp-props=\"{&quot;201341983&quot;:0,&quot;335559739&quot;:160,&quot;335559740&quot;:240}\">Cada persona puede usar la suscripci\u00f3n hasta en 5 dispositivos a la vez.<\/span><\/li>\n<li>Es decir se puede tener licenciado hasta 30 Dispositivos<\/li>\n<li>Para PC, Mac, iOS y Android<\/li>\n<li><span data-ccp-props=\"{&quot;201341983&quot;:0,&quot;335559739&quot;:160,&quot;335559740&quot;:240}\">1 TB de almacenamiento en la nube por persona<\/span><\/li>\n<\/ul>\n","protected":false},"featured_media":232898,"template":"","meta":{"_et_pb_use_builder":"","_et_pb_old_content":"","_et_gb_content_width":"","_joinchat":[]},"product_cat":[18],"product_tag":[],"_links":{"self":[{"href":"https:\/\/www.pafensol.com\/web\/wp-json\/wp\/v2\/product\/30"}],"collection":[{"href":"https:\/\/www.pafensol.com\/web\/wp-json\/wp\/v2\/product"}],"about":[{"href":"https:\/\/www.pafensol.com\/web\/wp-json\/wp\/v2\/types\/product"}],"wp:featuredmedia":[{"embeddable":true,"href":"https:\/\/www.pafensol.com\/web\/wp-json\/wp\/v2\/media\/232898"}],"wp:attachment":[{"href":"https:\/\/www.pafensol.com\/web\/wp-json\/wp\/v2\/media?parent=30"}],"wp:term":[{"taxonomy":"product_cat","embeddable":true,"href":"https:\/\/www.pafensol.com\/web\/wp-json\/wp\/v2\/product_cat?post=30"},{"taxonomy":"product_tag","embeddable":true,"href":"https:\/\/www.pafensol.com\/web\/wp-json\/wp\/v2\/product_tag?post=30"}],"curies":[{"name":"wp","href":"https:\/\/api.w.org\/{rel}","templated":true}]}}